{"id":1992,"date":"2018-07-14T05:07:33","date_gmt":"2018-07-14T05:07:33","guid":{"rendered":"https:\/\/victorthemes.com\/themes\/fraxos\/?page_id=1992"},"modified":"2026-01-06T20:26:24","modified_gmt":"2026-01-06T20:26:24","slug":"benefits","status":"publish","type":"page","link":"https:\/\/i-f.fr\/?page_id=1992","title":{"rendered":"R\u00e9sidence artistique"},"content":{"rendered":"<section class=\"wpb-content-wrapper\"><p>[vc_row full_width=\u00a0\u00bbstretch_row_content_no_spaces\u00a0\u00bb overlay_dotted=\u00a0\u00bb\u00a0\u00bb css=\u00a0\u00bb.vc_custom_1531395420134{padding-bottom: 14% !important;}\u00a0\u00bb][vc_column]<div class=\"frxo-banner frxo-parallax  fraxos-banner-69e18c9077e1b\" style=\"background-image: url(https:\/\/i-f.fr\/wp-content\/uploads\/2023\/03\/combinaison_light.jpg);\"><div class=\"frxo-overlay-pattern\"><\/div><div class=\"banner-caption-wrap\">\n        <div class=\"frxo-table-wrap\">\n          <div class=\"frxo-align-wrap\">\n            <div class=\"container\">\n              <div class=\"banner-caption  center\">\n                <h1 class=\"banner-caption-title\"><p><span class=\"word-highlight frxo-highlight-word-638324f9b69ec-residence-artistique\">R\u00e9sidence artistique<\/span><br \/>\n<em>\u00ab Design d\u2019espace, architecture &amp; urbanit\u00e9 \u00bb<\/em><\/p>\n<\/h1>\n              <\/div>\n            <\/div>\n          <\/div>\n        <\/div>\n      <\/div>\n    <\/div>[\/vc_column][\/vc_row][vc_row overlay_dotted=\u00a0\u00bb\u00a0\u00bb css=\u00a0\u00bb.vc_custom_1531397095204{padding-top: 10% !important;}\u00a0\u00bb][vc_column width=\u00a0\u00bb1\/2&Prime; css=\u00a0\u00bb.vc_custom_1531397523339{padding-top: 5% !important;padding-right: 5% !important;}\u00a0\u00bb]<div class=\"section-title-wrap section-left-align frxo-heading-69e18c907883d \"><h2 class=\"section-title\"><p>Notre <span class=\"word-highlight  frxo-highlight-word-69e18c9078738-residence-artistique\">R\u00e9sidence artistique<\/span><\/p>\n<p>en d\u00e9tails<\/p>\n<\/h2><\/div><div class=\" fraxos-button-69e18c9078886\"><div class=\"frxo-btn-wrap \"><a href=\"https:\/\/i-f.fr\/wp-content\/uploads\/2025\/10\/IF-Appel-a-Residence-2025-2026.pdf\" target=\"_blank\" class=\"frxo-btn frxo-white-large-btn \"><span class=\"frxo-btn-text\">Appel \u00e0 Candidature 2025-2026<\/span><\/a><\/div><\/div>[vc_empty_space]<div class=\"nav-tabs-two \"><nav>\n                  <div class=\" tab-two\"><div class=\"nav nav-tabs\" id=\"nav-tab\" role=\"tablist\"><a class=\"nav-item nav-link\" id=\"nav-69e18c90789280-tab\" data-toggle=\"tab\" href=\"#nav-69e18c90789280\" role=\"tab\" aria-controls=\"nav-69e18c90789280\" aria-selected=\"true\">Porteur du projet<\/a><a class=\"nav-item nav-link active\" id=\"nav-69e18c90789281-tab\" data-toggle=\"tab\" href=\"#nav-69e18c90789281\" role=\"tab\" aria-controls=\"nav-69e18c90789281\" aria-selected=\"true\">Description des locaux<\/a><a class=\"nav-item nav-link\" id=\"nav-69e18c90789282-tab\" data-toggle=\"tab\" href=\"#nav-69e18c90789282\" role=\"tab\" aria-controls=\"nav-69e18c90789282\" aria-selected=\"true\">Bourse et h\u00e9bergement de r\u00e9sidence<\/a><a class=\"nav-item nav-link\" id=\"nav-69e18c90789283-tab\" data-toggle=\"tab\" href=\"#nav-69e18c90789283\" role=\"tab\" aria-controls=\"nav-69e18c90789283\" aria-selected=\"true\">Historique de r\u00e9sidence<\/a><\/div><\/div>\n                <\/nav><div class=\"row\"><div class=\"col-content tab-two-col\"><div class=\"tab-content tab-animation\" id=\"nav-tabContent\"><div class=\"tab-pane fade \" id=\"nav-69e18c90789280\" role=\"tabpanel\" aria-labelledby=\"nav-69e18c90789280-tab\"><div class=\"segva-main-content\">[vc_column_text]IF est un lieu d\u00e9di\u00e9 \u00e0 la jeune cr\u00e9ation, l\u2019art contemporain et au design \u00e0 Limoges inaugur\u00e9 en mai 2016. Il accueille entre autre r\u00e9sident un collectif de designers, plasticiens et artisans d\u2019art (membres de l\u2019association .748) qui travaillent sur place. Ses locaux se pr\u00eatent \u00e0 diff\u00e9rentes manifestations. IF d\u00e9veloppe ainsi sa propre programmation culturelle et citoyenne.<\/p>\n<p>Con\u00e7u comme un espace de vie et de passage, IF aborde la cr\u00e9ation comme une mani\u00e8re d\u2019habiter le monde, aujourd\u2019hui plus incertain, plus complexe, qu\u2019hier et devant se nourrir de moyens plus frugaux et partag\u00e9s. IF veut conduire, en r\u00e9interrogeant le territoire, son patrimoine, ses savoir-faire et ses acteurs, des r\u00e9flexions sur la conduite de l\u2019art dans des espaces nouveaux ou revendiqu\u00e9 comme nouveaux. Se faisant, IF entend s\u2019agr\u00e9ger des comp\u00e9tences ext\u00e9rieures le temps d\u2019une r\u00e9sidence sur le champ du design d\u2019espace et de l\u2019architecture.<\/p>\n<p>IF fait le pari d\u2019offrir des temps de recherche pour imaginer et r\u00e9fl\u00e9chir sur les notions d\u2019espace, d\u2019agencement urbain et\/ou de paysages en lien avec le r\u00e9seau r\u00e9gional d\u2019art contemporain de r\u00e9gion Nouvelle-Aquitaine, ASTRE.[\/vc_column_text][vc_empty_space height=\u00a0\u00bb50px\u00a0\u00bb]<\/div><\/div><div class=\"tab-pane fade  active show\" id=\"nav-69e18c90789281\" role=\"tabpanel\" aria-labelledby=\"nav-69e18c90789281-tab\"><div class=\"segva-main-content\">[vc_column_text]Situ\u00e9 dans une ancienne Fraternit\u00e9 franciscaine, dans le centre historique de la cath\u00e9drale de Limoges, les locaux comportent quatre ateliers occup\u00e9s par des designers, s\u00e9rigraphes, plasticiens et des cr\u00e9ateurs gravitant dans le champ de l\u2019art et de l\u2019artisanat d\u2019art. Cet ensemble dispose \u00e9galement d\u2019une salle d\u2019exposition et d\u2019une salle d\u00e9di\u00e9e \u00e0 l\u2019accueil de manifestations diverses (m\u00e9diations, concerts, projections, conf\u00e9rences\u2026) pour une jauge de 80 personnes environ. IF dispose \u00e9galement d\u2019un grand jardin clos et d\u2019un studio ind\u00e9pendant \u00e9quip\u00e9 et de trois chambres d\u2019h\u00f4te d\u00e9di\u00e9s \u00e0 l\u2019h\u00e9bergement d\u2019artiste.<\/p>\n<p>IF s\u2019apparente \u00e0 ces nouveaux espaces collectifs que sont les tiers-lieux \u2013 espaces hybrides entre la \u00abmaison \u00bb et le \u00ab travail \u00bb porteurs &#8211; dans leurs formes comme dans leurs modalit\u00e9s de fonctionnement &#8211; d\u2019innovation sociale, cr\u00e9ateur de valeur ajout\u00e9e collective.[\/vc_column_text]<\/div><\/div><div class=\"tab-pane fade \" id=\"nav-69e18c90789282\" role=\"tabpanel\" aria-labelledby=\"nav-69e18c90789282-tab\"><div class=\"segva-main-content\">[vc_column_text]Une bourse de r\u00e9sidence de 2.000 euros TTC lui sera vers\u00e9e en deux temps, 1.000 euros au d\u00e9but de la r\u00e9sidence et 1.000 euros \u00e0 la fin de la r\u00e9sidence.<\/p>\n<p>En compl\u00e9ment de la bourse de r\u00e9sidence, une aide pour l\u2019achat de mat\u00e9riel sp\u00e9cifique dans la cadre de la r\u00e9alisation de l\u2019\u0153uvre command\u00e9e, \u00e0 hauteur de 1000 euros maximum, est pr\u00e9vue.<\/p>\n<p>IF fournit un h\u00e9bergement (chambre ou studio \u00e9quip\u00e9) le temps de la r\u00e9sidence. De m\u00eame, un espace de travail est mis \u00e0 disposition, c\u00f4t\u00e9 ateliers 748.<\/p>\n<p>Un d\u00e9fraiement sur une base d\u2019un aller-et-retour en train ou en voiture sera pris en charge pour rejoindre et quitter la r\u00e9sidence. Les autres frais restant \u00e0 la charge du\/de la r\u00e9sident\/e.[\/vc_column_text]<\/div><\/div><div class=\"tab-pane fade \" id=\"nav-69e18c90789283\" role=\"tabpanel\" aria-labelledby=\"nav-69e18c90789283-tab\"><div class=\"segva-main-content\">[vc_column_text]<\/p>\n<div class=\"my-status-item\">\n<div class=\"row\">\n<h5>2021 |\u00a0<a href=\"http:\/\/www.evelisemillet.fr\/\">EVELISE MILLET<\/a> | Grenoble<\/h5>\n<h5><\/h5>\n<h5>2020 | <a href=\"https:\/\/www.documentsdartistes.org\/artistes\/cesar\/repro.html\">BAPTISTE C\u00c9SAR<\/a> | Paris<\/h5>\n<h5><\/h5>\n<h5>2019 | <a href=\"https:\/\/stefaneichhorn.de\/fr\/\">STEFAN EICCHORN<\/a> | Marseille<\/h5>\n<h5><\/h5>\n<h5>2018 | <a href=\"https:\/\/keitamori.com\/\">KEITA MORI<\/a> | Paris<\/h5>\n<\/div>\n<\/div>\n<p>[\/vc_column_text]<\/div><\/div><\/div><\/div><\/div><\/div>[\/vc_column][vc_column width=\u00a0\u00bb1\/2&Prime; css=\u00a0\u00bb.vc_custom_1531397528294{padding-left: 5% !important;}\u00a0\u00bb][vc_single_image image=\u00a0\u00bb2603&Prime; img_size=\u00a0\u00bbfull\u00a0\u00bb][\/vc_column][\/vc_row][vc_row][vc_column][vc_video link=\u00a0\u00bbhttps:\/\/youtu.be\/FiyqXugyAf0&Prime; title=\u00a0\u00bbC\u00e9line Domengie\u00a0\u00bb][vc_video link=\u00a0\u00bbhttps:\/\/youtu.be\/wKqURnirD64&Prime; title=\u00a0\u00bbEvelise Millet\u00a0\u00bb][vc_video link=\u00a0\u00bbhttps:\/\/youtu.be\/XcXejWQ9f9g\u00a0\u00bb title=\u00a0\u00bbBaptiste C\u00e9sar\u00a0\u00bb][vc_video link=\u00a0\u00bbhttps:\/\/youtu.be\/tnPXU9BNl8A\u00a0\u00bb title=\u00a0\u00bbStefan Eichhorn\u00a0\u00bb][vc_video link=\u00a0\u00bbhttps:\/\/youtu.be\/vkDRib1csYM\u00a0\u00bb title=\u00a0\u00bbKeita Mori\u00a0\u00bb][\/vc_column][\/vc_row]<\/p>\n<\/section>","protected":false},"excerpt":{"rendered":"[vc_row full_width=\u00a0\u00bbstretch_row_content_no_spaces\u00a0\u00bb overlay_dotted=\u00a0\u00bb\u00a0\u00bb css=\u00a0\u00bb.vc_custom_1531395420134{padding-bottom: 14% !important;}\u00a0\u00bb][vc_column][\/vc_column][\/vc_row][vc_row overlay_dotted=\u00a0\u00bb\u00a0\u00bb css=\u00a0\u00bb.vc_custom_1531397095204{padding-top: 10% !important;}\u00a0\u00bb][vc_column width=\u00a0\u00bb1\/2&Prime; css=\u00a0\u00bb.vc_custom_1531397523339{padding-top: 5% !important;padding-right: 5% !important;}\u00a0\u00bb][vc_empty_space][\/vc_column][vc_column width=\u00a0\u00bb1\/2&Prime; css=\u00a0\u00bb.vc_custom_1531397528294{padding-left: 5% !important;}\u00a0\u00bb][vc_single_image image=\u00a0\u00bb2603&Prime; img_size=\u00a0\u00bbfull\u00a0\u00bb][\/vc_column][\/vc_row][vc_row][vc_column][vc_video link=\u00a0\u00bbhttps:\/\/youtu.be\/FiyqXugyAf0&Prime; title=\u00a0\u00bbC\u00e9line Domengie\u00a0\u00bb][vc_video link=\u00a0\u00bbhttps:\/\/youtu.be\/wKqURnirD64&Prime; title=\u00a0\u00bbEvelise Millet\u00a0\u00bb][vc_video link=\u00a0\u00bbhttps:\/\/youtu.be\/XcXejWQ9f9g\u00a0\u00bb title=\u00a0\u00bbBaptiste C\u00e9sar\u00a0\u00bb][vc_video link=\u00a0\u00bbhttps:\/\/youtu.be\/tnPXU9BNl8A\u00a0\u00bb title=\u00a0\u00bbStefan Eichhorn\u00a0\u00bb][vc_video link=\u00a0\u00bbhttps:\/\/youtu.be\/vkDRib1csYM\u00a0\u00bb title=\u00a0\u00bbKeita Mori\u00a0\u00bb][\/vc_column][\/vc_row]","protected":false},"author":1,"featured_media":0,"parent":0,"menu_order":0,"comment_status":"closed","ping_status":"closed","template":"","meta":{"footnotes":""},"class_list":["post-1992","page","type-page","status-publish","hentry"],"_links":{"self":[{"href":"https:\/\/i-f.fr\/index.php?rest_route=\/wp\/v2\/pages\/1992","targetHints":{"allow":["GET"]}}],"collection":[{"href":"https:\/\/i-f.fr\/index.php?rest_route=\/wp\/v2\/pages"}],"about":[{"href":"https:\/\/i-f.fr\/index.php?rest_route=\/wp\/v2\/types\/page"}],"author":[{"embeddable":true,"href":"https:\/\/i-f.fr\/index.php?rest_route=\/wp\/v2\/users\/1"}],"replies":[{"embeddable":true,"href":"https:\/\/i-f.fr\/index.php?rest_route=%2Fwp%2Fv2%2Fcomments&post=1992"}],"version-history":[{"count":40,"href":"https:\/\/i-f.fr\/index.php?rest_route=\/wp\/v2\/pages\/1992\/revisions"}],"predecessor-version":[{"id":2858,"href":"https:\/\/i-f.fr\/index.php?rest_route=\/wp\/v2\/pages\/1992\/revisions\/2858"}],"wp:attachment":[{"href":"https:\/\/i-f.fr\/index.php?rest_route=%2Fwp%2Fv2%2Fmedia&parent=1992"}],"curies":[{"name":"wp","href":"https:\/\/api.w.org\/{rel}","templated":true}]}}